{"id":6939,"date":"2022-09-01T14:44:18","date_gmt":"2022-09-01T12:44:18","guid":{"rendered":"https:\/\/globalcoss.com\/?page_id=6939"},"modified":"2025-11-10T16:49:53","modified_gmt":"2025-11-10T15:49:53","slug":"enseignement-superieur-et-grandes-ecoles-2","status":"publish","type":"page","link":"https:\/\/globalcoss.com\/en\/enseignement-superieur-et-grandes-ecoles-2\/","title":{"rendered":"Higher Education &amp; Students"},"content":{"rendered":"<h1>Measure and certify your unique skills<\/h1>\n<p>Le COSS permet aux \u00e9tudiants de prouver aux recruteurs, leur niveau en soft skills, mad skills et comp\u00e9tences techniques sur leur cv, leur LinkedIn ou \u00e0 travers un portefeuille de comp\u00e9tences<\/p>\n<p><a href=\"https:\/\/www.essec.edu\/en\/\"><br \/>\n<img loading=\"lazy\" src=\"https:\/\/globalcoss.com\/wp-content\/uploads\/2022\/03\/1200px-Logo_essec2.svg-300x281.png\" sizes=\"(max-width: 300px) 100vw, 300px\" srcset=\"https:\/\/globalcoss.com\/wp-content\/uploads\/2022\/03\/1200px-Logo_essec2.svg-300x281.png 300w, https:\/\/globalcoss.com\/wp-content\/uploads\/2022\/03\/1200px-Logo_essec2.svg-1024x958.png 1024w, https:\/\/globalcoss.com\/wp-content\/uploads\/2022\/03\/1200px-Logo_essec2.svg-768x719.png 768w, https:\/\/globalcoss.com\/wp-content\/uploads\/2022\/03\/1200px-Logo_essec2.svg-13x12.png 13w, https:\/\/globalcoss.com\/wp-content\/uploads\/2022\/03\/1200px-Logo_essec2.svg.png 1200w\" alt=\"ESSEC Business School\" width=\"300\" height=\"281\" \/> <\/a><br \/>\n<a href=\"https:\/\/www.em-normandie.com\/en\"><br \/>\n<img loading=\"lazy\" src=\"https:\/\/globalcoss.com\/wp-content\/uploads\/2022\/03\/EM_Normandie-Logo-300x300.jpeg\" sizes=\"(max-width: 300px) 100vw, 300px\" srcset=\"https:\/\/globalcoss.com\/wp-content\/uploads\/2022\/03\/EM_Normandie-Logo-300x300.jpeg 300w, https:\/\/globalcoss.com\/wp-content\/uploads\/2022\/03\/EM_Normandie-Logo-1024x1024.jpeg 1024w, https:\/\/globalcoss.com\/wp-content\/uploads\/2022\/03\/EM_Normandie-Logo-150x150.jpeg 150w, https:\/\/globalcoss.com\/wp-content\/uploads\/2022\/03\/EM_Normandie-Logo-768x768.jpeg 768w, https:\/\/globalcoss.com\/wp-content\/uploads\/2022\/03\/EM_Normandie-Logo-12x12.jpeg 12w, https:\/\/globalcoss.com\/wp-content\/uploads\/2022\/03\/EM_Normandie-Logo-1440x1440.jpeg 1440w, https:\/\/globalcoss.com\/wp-content\/uploads\/2022\/03\/EM_Normandie-Logo-200x200.jpeg 200w, https:\/\/globalcoss.com\/wp-content\/uploads\/2022\/03\/elementor\/thumbs\/EM_Normandie-Logo-pu31vug29t35cceif9k065emdmldesanhtcuqhqaus.jpeg 50w, https:\/\/globalcoss.com\/wp-content\/uploads\/2022\/03\/EM_Normandie-Logo.jpeg 1500w\" alt=\"EM Normandie - Grandes \u00e9coles\" width=\"300\" height=\"300\" \/> <\/a><br \/>\n<a href=\"https:\/\/www.isae-supaero.fr\/en\/\"><br \/>\n<img loading=\"lazy\" src=\"https:\/\/globalcoss.com\/wp-content\/uploads\/2022\/03\/ISAE_SUPAERO_72_cmjn-300x182.png\" sizes=\"(max-width: 300px) 100vw, 300px\" srcset=\"https:\/\/globalcoss.com\/wp-content\/uploads\/2022\/03\/ISAE_SUPAERO_72_cmjn-300x182.png 300w, https:\/\/globalcoss.com\/wp-content\/uploads\/2022\/03\/ISAE_SUPAERO_72_cmjn-18x12.png 18w, https:\/\/globalcoss.com\/wp-content\/uploads\/2022\/03\/ISAE_SUPAERO_72_cmjn.png 450w\" alt=\"ISAE SUPAERO - Enseignement sup\u00e9rieur\" width=\"300\" height=\"182\" \/> <\/a><\/p>\n<figure><a href=\"https:\/\/www.iae-france.fr\/en\/\"><br \/>\n<img loading=\"lazy\" src=\"https:\/\/globalcoss.com\/wp-content\/uploads\/2022\/04\/image32-300x87.jpeg\" sizes=\"(max-width: 300px) 100vw, 300px\" srcset=\"https:\/\/globalcoss.com\/wp-content\/uploads\/2022\/04\/image32-300x87.jpeg 300w, https:\/\/globalcoss.com\/wp-content\/uploads\/2022\/04\/image32-1024x297.jpeg 1024w, https:\/\/globalcoss.com\/wp-content\/uploads\/2022\/04\/image32-768x222.jpeg 768w, https:\/\/globalcoss.com\/wp-content\/uploads\/2022\/04\/image32-18x5.jpeg 18w, https:\/\/globalcoss.com\/wp-content\/uploads\/2022\/04\/image32.jpeg 1181w\" alt=\"IAE FRANCE - Enseignement sup\u00e9rieur\" width=\"300\" height=\"87\" \/> <\/a><figcaption><\/figcaption><\/figure>\n<h2>About the COSS App<\/h2>\n<figure><img loading=\"lazy\" src=\"https:\/\/globalcoss.com\/wp-content\/uploads\/2022\/05\/COSS-LOGO-LARGEUR-COULEUR-by-5Feedback-300x136.png\" sizes=\"(max-width: 300px) 100vw, 300px\" srcset=\"https:\/\/globalcoss.com\/wp-content\/uploads\/2022\/05\/COSS-LOGO-LARGEUR-COULEUR-by-5Feedback-300x136.png 300w, https:\/\/globalcoss.com\/wp-content\/uploads\/2022\/05\/COSS-LOGO-LARGEUR-COULEUR-by-5Feedback-18x8.png 18w, https:\/\/globalcoss.com\/wp-content\/uploads\/2022\/05\/COSS-LOGO-LARGEUR-COULEUR-by-5Feedback.png 600w\" alt=\"COSS-Certificate of soft Skills\" width=\"300\" height=\"136\" \/><figcaption>COSS-Certificate of soft Skills<\/figcaption><\/figure>\n<p>The COSS - Certificate of Soft Skills application was designed by 5Feedback in partnership with ESSEC Business School and leading human resources and recruitment professionals.<\/p>\n<p>Thanks to the COSS app, students can now objectively attest to their level of soft skills, mad skills and even technical skills on their CVs. They can also learn more about themselves professionally and better prepare for recruitment interviews.<\/p>\n<p>En quelques clics, ils demandent du feedback \u00e0 leur r\u00e9seau (tuteurs, professionnels, \u00e9tudiants, corps professoral,&#8230;) et obtiennent un badge attestant de leur niveau parmi 36 soft skills, 20 mad skills et les comp\u00e9tences techniques issues des syllabi de leur programme.<\/p>\n<p>The application lets you publish your score and Open Badges on your CV, on LinkedIn or in a skills portfolio.<\/p>\n<h2>How does it work?<\/h2>\n<p>\u2022 COSS by 5Feedback is available on the App Store and Google Play<\/p>\n<p>- It enables us to measure students' level of soft and technical skills by asking for feedback from those around them (tutors, professionals, students, school referents).<\/p>\n<p>\u2022 In less than a minute, the respondents answer the feedback requests.<\/p>\n<p>\u2022 Une fois les r\u00e9ponses valid\u00e9es par notre algorithme, les \u00e9tudiants peuvent publier leurs r\u00e9sultats sur leur CV u dans un portfolio pour d\u00e9crocher le job id\u00e9al.<\/p>\n<div style=\"width: 640px;\" class=\"wp-video\"><!--[if lt IE 9]><script>document.createElement('video');<\/script><![endif]-->\n<video class=\"wp-video-shortcode\" id=\"video-6939-1\" width=\"640\" height=\"360\" preload=\"metadata\" controls=\"controls\"><source type=\"video\/mp4\" src=\"https:\/\/globalcoss.com\/wp-content\/uploads\/2022\/08\/COSS-Certificate-of-Soft-Skills-enseignement-et-etudiants.mp4?_=1\" \/><a href=\"https:\/\/globalcoss.com\/wp-content\/uploads\/2023\/08\/COSS-anglais-teaser.mp4\">https:\/\/globalcoss.com\/wp-content\/uploads\/2023\/08\/COSS-anglais-teaser.mp4<\/a><\/video><\/div>\n<h3>Students<\/h3>\n<p>Certify your soft skills on your resume to stand out and find the perfect job<\/p>\n<p><a role=\"button\" href=\"https:\/\/globalcoss.com\/en\/etudiants\/\"><br \/>\nFind out more<br \/>\n<\/a><\/p>\n<h3>Students<br \/>\nEt universit\u00e9s<\/h3>\n<p>Strengthen the employability of your students by allowing them to certify their soft skills<br \/>\n<a role=\"button\" href=\"https:\/\/globalcoss.com\/en\/grandes-ecoles-et-universites\/\"><br \/>\nFind out more<br \/>\n<\/a><\/p>","protected":false},"excerpt":{"rendered":"<p>Mesurer et certifier ses comp\u00e9tences uniques Le COSS permet aux \u00e9tudiants de prouver aux recruteurs, leur niveau en soft skills, mad skills et comp\u00e9tences techniques sur leur cv, leur LinkedIn ou \u00e0 travers un portefeuille de comp\u00e9tences A propos de l\u2019application COSS COSS-Certificate of soft Skills L\u2019application COSS \u2013 Certificate of Soft Skills a \u00e9t\u00e9 [&hellip;]<\/p>","protected":false},"author":1,"featured_media":3582,"parent":0,"menu_order":0,"comment_status":"closed","ping_status":"closed","template":"elementor_header_footer","meta":[],"yoast_head":"<!-- This site is optimized with the Yoast SEO plugin v20.6 - https:\/\/yoast.com\/wordpress\/plugins\/seo\/ -->\n<title>Enseignement Sup\u00e9rieur | COSS by 5Feedback<\/title>\n<meta name=\"description\" content=\"L\u2019application COSS a \u00e9t\u00e9 con\u00e7ue par 5Feedback en partenariat avec l\u2019ESSEC et des experts mondiaux : Universit\u00e9s am\u00e9ricaines, HEC, LBS,...\" \/>\n<meta name=\"robots\" content=\"index, follow, max-snippet:-1, max-image-preview:large, max-video-preview:-1\" \/>\n<link rel=\"canonical\" href=\"https:\/\/globalcoss.com\/en\/enseignement-superieur-et-grandes-ecoles-2\/\" \/>\n<meta property=\"og:locale\" content=\"en_GB\" \/>\n<meta property=\"og:type\" content=\"article\" \/>\n<meta property=\"og:title\" content=\"Enseignement Sup\u00e9rieur | COSS by 5Feedback\" \/>\n<meta property=\"og:description\" content=\"L\u2019application COSS a \u00e9t\u00e9 con\u00e7ue par 5Feedback en partenariat avec l\u2019ESSEC et des experts mondiaux : Universit\u00e9s am\u00e9ricaines, HEC, LBS,...\" \/>\n<meta property=\"og:url\" content=\"https:\/\/globalcoss.com\/en\/enseignement-superieur-et-grandes-ecoles-2\/\" \/>\n<meta property=\"og:site_name\" content=\"COSS\" \/>\n<meta property=\"article:modified_time\" content=\"2025-11-10T15:49:53+00:00\" \/>\n<meta property=\"og:image\" content=\"https:\/\/globalcoss.com\/wp-content\/uploads\/2022\/05\/logo-essec.png\" \/>\n\t<meta property=\"og:image:width\" content=\"600\" \/>\n\t<meta property=\"og:image:height\" content=\"300\" \/>\n\t<meta property=\"og:image:type\" content=\"image\/png\" \/>\n<meta name=\"twitter:card\" content=\"summary_large_image\" \/>\n<meta name=\"twitter:label1\" content=\"Estimated reading time\" \/>\n\t<meta name=\"twitter:data1\" content=\"3 minutes\" \/>\n<script type=\"application\/ld+json\" class=\"yoast-schema-graph\">{\"@context\":\"https:\/\/schema.org\",\"@graph\":[{\"@type\":\"WebPage\",\"@id\":\"https:\/\/globalcoss.com\/enseignement-superieur-et-grandes-ecoles-2\/\",\"url\":\"https:\/\/globalcoss.com\/enseignement-superieur-et-grandes-ecoles-2\/\",\"name\":\"Enseignement Sup\u00e9rieur | COSS by 5Feedback\",\"isPartOf\":{\"@id\":\"https:\/\/globalcoss.com\/en\/#website\"},\"datePublished\":\"2022-09-01T12:44:18+00:00\",\"dateModified\":\"2025-11-10T15:49:53+00:00\",\"description\":\"L\u2019application COSS a \u00e9t\u00e9 con\u00e7ue par 5Feedback en partenariat avec l\u2019ESSEC et des experts mondiaux : Universit\u00e9s am\u00e9ricaines, HEC, LBS,...\",\"breadcrumb\":{\"@id\":\"https:\/\/globalcoss.com\/enseignement-superieur-et-grandes-ecoles-2\/#breadcrumb\"},\"inLanguage\":\"en-GB\",\"potentialAction\":[{\"@type\":\"ReadAction\",\"target\":[\"https:\/\/globalcoss.com\/enseignement-superieur-et-grandes-ecoles-2\/\"]}]},{\"@type\":\"BreadcrumbList\",\"@id\":\"https:\/\/globalcoss.com\/enseignement-superieur-et-grandes-ecoles-2\/#breadcrumb\",\"itemListElement\":[{\"@type\":\"ListItem\",\"position\":1,\"name\":\"Accueil\",\"item\":\"https:\/\/globalcoss.com\/\"},{\"@type\":\"ListItem\",\"position\":2,\"name\":\"Enseignement sup\u00e9rieur\"}]},{\"@type\":\"WebSite\",\"@id\":\"https:\/\/globalcoss.com\/en\/#website\",\"url\":\"https:\/\/globalcoss.com\/en\/\",\"name\":\"COSS\",\"description\":\"Mesurer et certifier ses softs skills\",\"potentialAction\":[{\"@type\":\"SearchAction\",\"target\":{\"@type\":\"EntryPoint\",\"urlTemplate\":\"https:\/\/globalcoss.com\/en\/?s={search_term_string}\"},\"query-input\":\"required name=search_term_string\"}],\"inLanguage\":\"en-GB\"}]}<\/script>\n<!-- \/ Yoast SEO plugin. -->","yoast_head_json":{"title":"Enseignement Sup\u00e9rieur | COSS by 5Feedback","description":"L\u2019application COSS a \u00e9t\u00e9 con\u00e7ue par 5Feedback en partenariat avec l\u2019ESSEC et des experts mondiaux : Universit\u00e9s am\u00e9ricaines, HEC, LBS,...","robots":{"index":"index","follow":"follow","max-snippet":"max-snippet:-1","max-image-preview":"max-image-preview:large","max-video-preview":"max-video-preview:-1"},"canonical":"https:\/\/globalcoss.com\/en\/enseignement-superieur-et-grandes-ecoles-2\/","og_locale":"en_GB","og_type":"article","og_title":"Enseignement Sup\u00e9rieur | COSS by 5Feedback","og_description":"L\u2019application COSS a \u00e9t\u00e9 con\u00e7ue par 5Feedback en partenariat avec l\u2019ESSEC et des experts mondiaux : Universit\u00e9s am\u00e9ricaines, HEC, LBS,...","og_url":"https:\/\/globalcoss.com\/en\/enseignement-superieur-et-grandes-ecoles-2\/","og_site_name":"COSS","article_modified_time":"2025-11-10T15:49:53+00:00","og_image":[{"width":600,"height":300,"url":"https:\/\/globalcoss.com\/wp-content\/uploads\/2022\/05\/logo-essec.png","type":"image\/png"}],"twitter_card":"summary_large_image","twitter_misc":{"Estimated reading time":"3 minutes"},"schema":{"@context":"https:\/\/schema.org","@graph":[{"@type":"WebPage","@id":"https:\/\/globalcoss.com\/enseignement-superieur-et-grandes-ecoles-2\/","url":"https:\/\/globalcoss.com\/enseignement-superieur-et-grandes-ecoles-2\/","name":"Enseignement Sup\u00e9rieur | COSS by 5Feedback","isPartOf":{"@id":"https:\/\/globalcoss.com\/en\/#website"},"datePublished":"2022-09-01T12:44:18+00:00","dateModified":"2025-11-10T15:49:53+00:00","description":"L\u2019application COSS a \u00e9t\u00e9 con\u00e7ue par 5Feedback en partenariat avec l\u2019ESSEC et des experts mondiaux : Universit\u00e9s am\u00e9ricaines, HEC, LBS,...","breadcrumb":{"@id":"https:\/\/globalcoss.com\/enseignement-superieur-et-grandes-ecoles-2\/#breadcrumb"},"inLanguage":"en-GB","potentialAction":[{"@type":"ReadAction","target":["https:\/\/globalcoss.com\/enseignement-superieur-et-grandes-ecoles-2\/"]}]},{"@type":"BreadcrumbList","@id":"https:\/\/globalcoss.com\/enseignement-superieur-et-grandes-ecoles-2\/#breadcrumb","itemListElement":[{"@type":"ListItem","position":1,"name":"Accueil","item":"https:\/\/globalcoss.com\/"},{"@type":"ListItem","position":2,"name":"Enseignement sup\u00e9rieur"}]},{"@type":"WebSite","@id":"https:\/\/globalcoss.com\/en\/#website","url":"https:\/\/globalcoss.com\/en\/","name":"COSS","description":"Mesurer et certifier ses softs skills","potentialAction":[{"@type":"SearchAction","target":{"@type":"EntryPoint","urlTemplate":"https:\/\/globalcoss.com\/en\/?s={search_term_string}"},"query-input":"required name=search_term_string"}],"inLanguage":"en-GB"}]}},"_links":{"self":[{"href":"https:\/\/globalcoss.com\/en\/wp-json\/wp\/v2\/pages\/6939"}],"collection":[{"href":"https:\/\/globalcoss.com\/en\/wp-json\/wp\/v2\/pages"}],"about":[{"href":"https:\/\/globalcoss.com\/en\/wp-json\/wp\/v2\/types\/page"}],"author":[{"embeddable":true,"href":"https:\/\/globalcoss.com\/en\/wp-json\/wp\/v2\/users\/1"}],"replies":[{"embeddable":true,"href":"https:\/\/globalcoss.com\/en\/wp-json\/wp\/v2\/comments?post=6939"}],"version-history":[{"count":134,"href":"https:\/\/globalcoss.com\/en\/wp-json\/wp\/v2\/pages\/6939\/revisions"}],"predecessor-version":[{"id":10541,"href":"https:\/\/globalcoss.com\/en\/wp-json\/wp\/v2\/pages\/6939\/revisions\/10541"}],"wp:featuredmedia":[{"embeddable":true,"href":"https:\/\/globalcoss.com\/en\/wp-json\/wp\/v2\/media\/3582"}],"wp:attachment":[{"href":"https:\/\/globalcoss.com\/en\/wp-json\/wp\/v2\/media?parent=6939"}],"curies":[{"name":"wp","href":"https:\/\/api.w.org\/{rel}","templated":true}]}}